{"id":3464,"date":"2026-04-17T14:28:03","date_gmt":"2026-04-17T14:28:03","guid":{"rendered":"https:\/\/ententecordialeday.org\/?page_id=3464"},"modified":"2026-04-17T15:10:30","modified_gmt":"2026-04-17T15:10:30","slug":"sponsors-2025-2026","status":"publish","type":"page","link":"https:\/\/ententecordialeday.org\/fr\/sponsors\/sponsors-2025-2026\/","title":{"rendered":"Parrains 2025-2026"},"content":{"rendered":"<div data-elementor-type=\"wp-page\" data-elementor-id=\"3464\" class=\"elementor elementor-3464\" data-elementor-post-type=\"page\">\n\t\t\t\t<div class=\"elementor-element elementor-element-a966d1e e-con-full e-flex e-con e-parent\" data-id=\"a966d1e\" data-element_type=\"container\" data-e-type=\"container\" data-settings=\"{&quot;background_background&quot;:&quot;classic&quot;}\">\n\t\t\t\t<\/div>\n\t\t<div class=\"elementor-element elementor-element-a6b3e56 e-flex e-con-boxed e-con e-parent\" data-id=\"a6b3e56\" data-element_type=\"container\" data-e-type=\"container\">\n\t\t\t\t\t<div class=\"e-con-inner\">\n\t\t\t\t<div class=\"elementor-element elementor-element-cb6626a elementor-widget elementor-widget-html\" data-id=\"cb6626a\" data-element_type=\"widget\" data-e-type=\"widget\" data-widget_type=\"html.default\">\n\t\t\t\t\t<!-- ================================================\n     ENTENTE CORDIALE DAY \u2014 Sponsors & Partners 2026\n     ================================================ -->\n\n<style>\n@import url('https:\/\/fonts.googleapis.com\/css2?family=Cormorant+Garamond:ital,wght@0,300;0,400;0,600;1,300;1,400&family=Raleway:wght@300;400;500&display=swap');\n\n.ec-sponsors {\n  font-family: 'Raleway', sans-serif;\n  color: #1a1a1a;\n  max-width: 980px;\n  margin: 0 auto;\n  padding: 3rem 1.5rem;\n  box-sizing: border-box;\n}\n\n.ec-sponsors *, .ec-sponsors *::before, .ec-sponsors *::after {\n  box-sizing: border-box;\n}\n\n.ec-section-label {\n  font-family: 'Raleway', sans-serif;\n  font-size: 10px;\n  font-weight: 500;\n  letter-spacing: 0.3em;\n  text-transform: uppercase;\n  color: #8B7355;\n  text-align: center;\n  margin: 0 0 0.6rem;\n}\n\n.ec-section-heading {\n  font-family: 'Cormorant Garamond', serif;\n  font-size: 30px;\n  font-weight: 300;\n  font-style: italic;\n  text-align: center;\n  margin: 0 0 1rem;\n  color: #1a1a1a;\n}\n\n.ec-divider {\n  width: 50px;\n  height: 1px;\n  background: #8B7355;\n  margin: 0 auto 3.5rem;\n}\n\n\/* --- Grille logos officiels --- *\/\n.ec-logo-grid {\n  display: grid;\n  grid-template-columns: repeat(3, 1fr);\n  border-top: 1px solid #e0d9d0;\n  border-left: 1px solid #e0d9d0;\n  margin-bottom: 4rem;\n}\n\n.ec-logo-cell {\n  border-right: 1px solid #e0d9d0;\n  border-bottom: 1px solid #e0d9d0;\n  display: flex;\n  align-items: center;\n  justify-content: center;\n  padding: 2rem 1.5rem;\n  height: 120px;\n  background: #fff;\n  transition: background 0.25s;\n}\n\n.ec-logo-cell:hover { background: #faf8f5; }\n\n.ec-logo-cell img {\n  max-width: 100%;\n  max-height: 60px;\n  width: auto;\n  height: auto;\n  object-fit: contain;\n  display: block;\n}\n\n\/* --- Trois colonnes --- *\/\n.ec-categories {\n  display: grid;\n  grid-template-columns: repeat(3, 1fr);\n  gap: 2.5rem;\n  margin-bottom: 4rem;\n}\n\n.ec-cat-title {\n  font-family: 'Raleway', sans-serif;\n  font-size: 9px;\n  font-weight: 500;\n  letter-spacing: 0.35em;\n  text-transform: uppercase;\n  color: #8B7355;\n  margin: 0 0 1.2rem;\n  padding-bottom: 0.9rem;\n  border-bottom: 1px solid #e0d9d0;\n  min-height: 42px;\n  display: flex;\n  align-items: flex-end;\n}\n\n.ec-partner-item {\n  display: flex;\n  flex-direction: row;\n  align-items: center;\n  gap: 10px;\n  margin-bottom: 0.9rem;\n}\n\n\/* Bo\u00eete logo fixe \u2014 taille identique pour tous sans exception *\/\n.ec-logo-box,\n.ec-logo-box-lg {\n  width: 44px;\n  height: 36px;\n  flex-shrink: 0;\n  display: flex;\n  align-items: center;\n  justify-content: center;\n  overflow: hidden;\n}\n\n.ec-logo-box img,\n.ec-logo-box-lg img {\n  width: 44px;\n  height: 36px;\n  object-fit: contain;\n  display: block;\n  flex-shrink: 0;\n}\n\n.ec-partner-name {\n  font-size: 12.5px;\n  font-weight: 400;\n  color: #3a3a3a;\n  line-height: 1.3;\n}\n\n.ec-partner-since {\n  display: block;\n  font-size: 10px;\n  font-style: italic;\n  color: #8B7355;\n  margin-top: 2px;\n}\n\n\/* --- Hosts --- *\/\n.ec-hosts-section {\n  border-top: 1px solid #e0d9d0;\n  padding-top: 3rem;\n}\n\n.ec-hosts-grid {\n  display: grid;\n  grid-template-columns: repeat(4, 1fr);\n  border-top: 1px solid #e0d9d0;\n  border-left: 1px solid #e0d9d0;\n  margin-top: 1.8rem;\n}\n\n.ec-host-cell {\n  border-right: 1px solid #e0d9d0;\n  border-bottom: 1px solid #e0d9d0;\n  display: flex;\n  flex-direction: column;\n  align-items: center;\n  justify-content: center;\n  padding: 1.8rem 1rem;\n  gap: 0.9rem;\n  height: 120px;\n  background: #fff;\n  transition: background 0.25s;\n}\n\n.ec-host-cell:hover { background: #faf8f5; }\n\n.ec-host-cell img {\n  max-height: 50px;\n  max-width: 85px;\n  width: auto;\n  height: auto;\n  object-fit: contain;\n  display: block;\n}\n\n.ec-host-name {\n  font-size: 10px;\n  font-weight: 400;\n  letter-spacing: 0.06em;\n  text-align: center;\n  color: #666;\n  line-height: 1.5;\n}\n\n\/* --- Responsive tablette --- *\/\n@media (max-width: 768px) {\n  .ec-logo-grid {\n    grid-template-columns: repeat(2, 1fr);\n  }\n  .ec-categories {\n    grid-template-columns: 1fr;\n    gap: 2rem;\n  }\n  .ec-hosts-grid {\n    grid-template-columns: repeat(2, 1fr);\n  }\n  .ec-section-heading {\n    font-size: 24px;\n  }\n}\n\n\/* --- Responsive mobile --- *\/\n@media (max-width: 480px) {\n  .ec-sponsors {\n    padding: 2rem 1rem;\n  }\n  .ec-logo-cell {\n    height: 90px;\n    padding: 1rem;\n  }\n  .ec-logo-cell img {\n    max-height: 45px;\n  }\n  .ec-host-cell {\n    height: auto;\n    min-height: 90px;\n    padding: 1rem 0.6rem;\n  }\n}\n<\/style>\n\n<div class=\"ec-sponsors\">\n\n  <p class=\"ec-section-label\">Journ\u00e9e de l'Entente Cordiale<\/p>\n  <h2 class=\"ec-section-heading\">Sponsors et partenaires 2025-2026<\/h2>\n  <div class=\"ec-divider\"><\/div>\n\n  <p class=\"ec-section-label\" style=\"margin-bottom:1.2rem;\">Sponsors officiels<\/p>\n\n  <div class=\"ec-logo-grid\">\n    <div class=\"ec-logo-cell\">\n      <img decoding=\"async\" src=\"https:\/\/ententecordialeday.org\/wp-content\/uploads\/2025\/09\/2.png\" alt=\"Maison Pol Roger\">\n    <\/div>\n    <div class=\"ec-logo-cell\">\n      <img decoding=\"async\" src=\"https:\/\/ententecordialeday.org\/wp-content\/uploads\/2025\/09\/10.png\" alt=\"Ch\u00e2teau Beauch\u00eane\">\n    <\/div>\n    <div class=\"ec-logo-cell\">\n      <img decoding=\"async\" src=\"https:\/\/ententecordialeday.org\/wp-content\/uploads\/2026\/04\/CMA_CGM_logo.svg_-scaled.png\" alt=\"CMA CGM\">\n    <\/div>\n    <div class=\"ec-logo-cell\">\n      <img decoding=\"async\" src=\"https:\/\/ententecordialeday.org\/wp-content\/uploads\/2026\/04\/MBDA-Logo.svg_.png\" alt=\"MBDA\">\n    <\/div>\n    <div class=\"ec-logo-cell\">\n      <img decoding=\"async\" src=\"https:\/\/ententecordialeday.org\/wp-content\/uploads\/2026\/04\/Sumerson-offf.png\" alt=\"Sumerson\">\n    <\/div>\n    <div class=\"ec-logo-cell\">\n      <img decoding=\"async\" src=\"https:\/\/ententecordialeday.org\/wp-content\/uploads\/2026\/04\/MobilitySoft.png\" alt=\"MobilitySoft.AI\">\n    <\/div>\n  <\/div>\n\n  <div class=\"ec-categories\">\n\n    <!-- Colonne 1 : Gift Partners -->\n    <div>\n      <p class=\"ec-cat-title\">Partenaires pour les cadeaux<\/p>\n\n      <div class=\"ec-partner-item\">\n        <div class=\"ec-logo-box\"><img decoding=\"async\" src=\"https:\/\/ententecordialeday.org\/wp-content\/uploads\/2025\/09\/2.png\" alt=\"Maison Pol Roger\"><\/div>\n        <span class=\"ec-partner-name\">Maison Pol Roger<span class=\"ec-partner-since\">depuis 1849<\/span><\/span>\n      <\/div>\n      <div class=\"ec-partner-item\">\n        <div class=\"ec-logo-box\"><img decoding=\"async\" src=\"https:\/\/ententecordialeday.org\/wp-content\/uploads\/2025\/09\/10.png\" alt=\"Ch\u00e2teau Beauch\u00eane\"><\/div>\n        <span class=\"ec-partner-name\">Ch\u00e2teau Beauch\u00eane<span class=\"ec-partner-since\">depuis 1794<\/span><\/span>\n      <\/div>\n      <div class=\"ec-partner-item\">\n        <div class=\"ec-logo-box\"><img decoding=\"async\" src=\"https:\/\/ententecordialeday.org\/wp-content\/uploads\/2025\/09\/3.png\" alt=\"Maison LIP\"><\/div>\n        <span class=\"ec-partner-name\">Maison LIP<span class=\"ec-partner-since\">depuis 1867<\/span><\/span>\n      <\/div>\n      <div class=\"ec-partner-item\">\n        <div class=\"ec-logo-box\"><img decoding=\"async\" src=\"https:\/\/ententecordialeday.org\/wp-content\/uploads\/2025\/09\/8.png\" alt=\"ONOTO\"><\/div>\n        <span class=\"ec-partner-name\">ONOTO<\/span>\n      <\/div>\n      <div class=\"ec-partner-item\">\n        <div class=\"ec-logo-box\"><img decoding=\"async\" src=\"https:\/\/ententecordialeday.org\/wp-content\/uploads\/2026\/04\/Conway-Stewart.png\" alt=\"Conway Stewart\"><\/div>\n        <span class=\"ec-partner-name\">Conway Stewart<\/span>\n      <\/div>\n      <div class=\"ec-partner-item\">\n        <div class=\"ec-logo-box\"><img decoding=\"async\" src=\"https:\/\/ententecordialeday.org\/wp-content\/uploads\/2026\/04\/pierre-herme-paris-logo.png\" alt=\"Maison Pierre Herm\u00e9 Paris\"><\/div>\n        <span class=\"ec-partner-name\">Maison Pierre Herm\u00e9 Paris<span class=\"ec-partner-since\">depuis 1998<\/span><\/span>\n      <\/div>\n      <div class=\"ec-partner-item\">\n        <div class=\"ec-logo-box\"><img decoding=\"async\" src=\"https:\/\/ententecordialeday.org\/wp-content\/uploads\/2026\/04\/Untitled.jpeg\" alt=\"Prix de Diane Longines\"><\/div>\n        <span class=\"ec-partner-name\">Prix de Diane Longines<\/span>\n      <\/div>\n      <div class=\"ec-partner-item\">\n        <div class=\"ec-logo-box\"><img decoding=\"async\" src=\"https:\/\/ententecordialeday.org\/wp-content\/uploads\/2025\/09\/7.png\" alt=\"Fondation Prince Albert II de Monaco\"><\/div>\n        <span class=\"ec-partner-name\">Fondation Prince Albert II de Monaco<\/span>\n      <\/div>\n    <\/div>\n\n    <!-- Colonne 2 : Royal & Historic Venues -->\n    <div>\n      <p class=\"ec-cat-title\">Partenaires cadeaux - Sites royaux et historiques<\/p>\n\n      <div class=\"ec-partner-item\">\n        <div class=\"ec-logo-box\"><img decoding=\"async\" src=\"https:\/\/ententecordialeday.org\/wp-content\/uploads\/2026\/04\/La-Croix-de-Lorraine-s-invite-sur-le-nouveau-logo-de-l-Elysee.jpg\" alt=\"\u00c9lys\u00e9e Palace\"><\/div>\n        <span class=\"ec-partner-name\">Palais de l'\u00c9lys\u00e9e<\/span>\n      <\/div>\n      <div class=\"ec-partner-item\">\n        <div class=\"ec-logo-box\"><img decoding=\"async\" src=\"https:\/\/ententecordialeday.org\/wp-content\/uploads\/2026\/04\/Buckingham-Palace-300x200-1.jpg\" alt=\"Buckingham Palace\"><\/div>\n        <span class=\"ec-partner-name\">Palais de Buckingham<\/span>\n      <\/div>\n      <div class=\"ec-partner-item\">\n        <div class=\"ec-logo-box\"><img decoding=\"async\" src=\"https:\/\/ententecordialeday.org\/wp-content\/uploads\/2026\/04\/Capture-decran-du-2026-04-17-16-53-37.png\" alt=\"Windsor Castle\"><\/div>\n        <span class=\"ec-partner-name\">Ch\u00e2teau de Windsor<\/span>\n      <\/div>\n      <div class=\"ec-partner-item\">\n        <div class=\"ec-logo-box ec-logo-box-lg\"><img decoding=\"async\" src=\"https:\/\/ententecordialeday.org\/wp-content\/uploads\/2026\/04\/hatfield-house-logo.jpg\" alt=\"Hatfield House\"><\/div>\n        <span class=\"ec-partner-name\">Maison Hatfield<\/span>\n      <\/div>\n      <div class=\"ec-partner-item\">\n        <div class=\"ec-logo-box\"><img decoding=\"async\" src=\"https:\/\/ententecordialeday.org\/wp-content\/uploads\/2026\/04\/images.png\" alt=\"Bowood House\"><\/div>\n        <span class=\"ec-partner-name\">Maison Bowood<\/span>\n      <\/div>\n    <\/div>\n\n    <!-- Colonne 3 : Official Sponsors -->\n    <div>\n      <p class=\"ec-cat-title\">Sponsors officiels<\/p>\n\n      <div class=\"ec-partner-item\">\n        <div class=\"ec-logo-box\"><img decoding=\"async\" src=\"https:\/\/ententecordialeday.org\/wp-content\/uploads\/2026\/04\/CMA_CGM_logo.svg_-scaled.png\" alt=\"CMA CGM\"><\/div>\n        <span class=\"ec-partner-name\">Groupe CMA CGM<\/span>\n      <\/div>\n      <div class=\"ec-partner-item\">\n        <div class=\"ec-logo-box\"><img decoding=\"async\" src=\"https:\/\/ententecordialeday.org\/wp-content\/uploads\/2026\/04\/MBDA-Logo.svg_.png\" alt=\"MBDA\"><\/div>\n        <span class=\"ec-partner-name\">MBDA<\/span>\n      <\/div>\n      <div class=\"ec-partner-item\">\n        <div class=\"ec-logo-box\"><img decoding=\"async\" src=\"https:\/\/ententecordialeday.org\/wp-content\/uploads\/2026\/04\/Sumerson-offf.png\" alt=\"Sumerson\"><\/div>\n        <span class=\"ec-partner-name\">Sumerson<\/span>\n      <\/div>\n      <div class=\"ec-partner-item\">\n        <div class=\"ec-logo-box\"><img decoding=\"async\" src=\"https:\/\/ententecordialeday.org\/wp-content\/uploads\/2026\/04\/MobilitySoft.png\" alt=\"MobilitySoft.AI\"><\/div>\n        <span class=\"ec-partner-name\">MobilitySoft.AI<\/span>\n      <\/div>\n    <\/div>\n\n  <\/div>\n\n  <!-- Host Partners -->\n  <div class=\"ec-hosts-section\">\n    <p class=\"ec-section-label\">Partenaires d'accueil<\/p>\n    <h3 class=\"ec-section-heading\" style=\"font-size:24px;\">Sommet 2026 - Paris<\/h3>\n    <div class=\"ec-divider\"><\/div>\n\n    <div class=\"ec-hosts-grid\">\n      <div class=\"ec-host-cell\">\n        <img decoding=\"async\" src=\"https:\/\/ententecordialeday.org\/wp-content\/uploads\/2026\/04\/Capture-decran-du-2026-04-17-14-42-26.png\" alt=\"\u00c9cole Militaire\">\n        <span class=\"ec-host-name\">\u00c9cole militaire<\/span>\n      <\/div>\n      <div class=\"ec-host-cell\">\n        <img decoding=\"async\" src=\"https:\/\/ententecordialeday.org\/wp-content\/uploads\/2026\/04\/images.jpeg\" alt=\"H\u00f4tel National des Invalides\">\n        <span class=\"ec-host-name\">H\u00f4tel National<br>des Invalides<\/span>\n      <\/div>\n      <div class=\"ec-host-cell\">\n        <img decoding=\"async\" src=\"https:\/\/ententecordialeday.org\/wp-content\/uploads\/2026\/04\/Logo_of_the_Pantheon-Sorbonne_University_in_Paris.png\" alt=\"Universit\u00e9 Paris 1 Panth\u00e9on-Sorbonne\">\n        <span class=\"ec-host-name\">Universit\u00e9 Paris 1<br>Panth\u00e9on-Sorbonne<\/span>\n      <\/div>\n      <div class=\"ec-host-cell\">\n        <img decoding=\"async\" src=\"https:\/\/ententecordialeday.org\/wp-content\/uploads\/2025\/09\/11.png\" alt=\"Ch\u00e2teau de Breteuil\">\n        <span class=\"ec-host-name\">Ch\u00e2teau de Breteuil<\/span>\n      <\/div>\n    <\/div>\n  <\/div>\n\n<\/div>\t\t\t\t<\/div>\n\t\t\t\t\t<\/div>\n\t\t\t\t<\/div>\n\t\t\t\t<\/div>","protected":false},"excerpt":{"rendered":"<p>Entente Cordiale Day Sponsors &amp; Partners 2025-2026 Official Sponsors Gift Partners Maison Pol Rogersince 1849 Ch\u00e2teau Beauch\u00eanesince 1794 Maison LIPsince 1867 ONOTO Conway Stewart Maison Pierre Herm\u00e9 Parissince 1998 Prix de Diane Longines Fondation Prince Albert II de Monaco Gift Partners \u2014 Royal &amp; Historic Venues \u00c9lys\u00e9e Palace Buckingham Palace Windsor Castle Hatfield House Bowood [&hellip;]<\/p>\n","protected":false},"author":2,"featured_media":0,"parent":1610,"menu_order":0,"comment_status":"closed","ping_status":"closed","template":"","meta":{"_acf_changed":false,"footnotes":""},"class_list":["post-3464","page","type-page","status-publish","hentry"],"acf":[],"yoast_head":"<!-- This site is optimized with the Yoast SEO plugin v27.4 - https:\/\/yoast.com\/product\/yoast-seo-wordpress\/ -->\n<title>Entente Cordiale Day \u2013 Partners &amp; Sponsors<\/title>\n<meta name=\"description\" content=\"Meet the partners and sponsors of Entente Cordiale Day 2025, supporting the Summit and celebrating UK-France collaboration.\" \/>\n<meta name=\"robots\" content=\"index, follow, max-snippet:-1, max-image-preview:large, max-video-preview:-1\" \/>\n<link rel=\"canonical\" href=\"https:\/\/ententecordialeday.org\/fr\/sponsors\/sponsors-2025-2026\/\" \/>\n<meta property=\"og:locale\" content=\"fr_FR\" \/>\n<meta property=\"og:type\" content=\"article\" \/>\n<meta property=\"og:title\" content=\"Entente Cordiale Day \u2013 Partners &amp; Sponsors\" \/>\n<meta property=\"og:description\" content=\"Meet the partners and sponsors of Entente Cordiale Day 2025, supporting the Summit and celebrating UK-France collaboration.\" \/>\n<meta property=\"og:url\" content=\"https:\/\/ententecordialeday.org\/fr\/sponsors\/sponsors-2025-2026\/\" \/>\n<meta property=\"og:site_name\" content=\"Entente Cordiale Day University Challenge\" \/>\n<meta property=\"article:modified_time\" content=\"2026-04-17T15:10:30+00:00\" \/>\n<meta property=\"og:image\" content=\"https:\/\/ententecordialeday.org\/wp-content\/uploads\/2025\/09\/2.png\" \/>\n<meta name=\"twitter:card\" content=\"summary_large_image\" \/>\n<meta name=\"twitter:label1\" content=\"Dur\u00e9e de lecture estim\u00e9e\" \/>\n\t<meta name=\"twitter:data1\" content=\"6 minutes\" \/>\n<script type=\"application\/ld+json\" class=\"yoast-schema-graph\">{\"@context\":\"https:\\\/\\\/schema.org\",\"@graph\":[{\"@type\":\"WebPage\",\"@id\":\"https:\\\/\\\/ententecordialeday.org\\\/sponsors\\\/sponsors-2025-2026\\\/\",\"url\":\"https:\\\/\\\/ententecordialeday.org\\\/sponsors\\\/sponsors-2025-2026\\\/\",\"name\":\"Entente Cordiale Day \u2013 Partners & Sponsors\",\"isPartOf\":{\"@id\":\"https:\\\/\\\/ententecordialeday.org\\\/#website\"},\"primaryImageOfPage\":{\"@id\":\"https:\\\/\\\/ententecordialeday.org\\\/sponsors\\\/sponsors-2025-2026\\\/#primaryimage\"},\"image\":{\"@id\":\"https:\\\/\\\/ententecordialeday.org\\\/sponsors\\\/sponsors-2025-2026\\\/#primaryimage\"},\"thumbnailUrl\":\"https:\\\/\\\/ententecordialeday.org\\\/wp-content\\\/uploads\\\/2025\\\/09\\\/2.png\",\"datePublished\":\"2026-04-17T14:28:03+00:00\",\"dateModified\":\"2026-04-17T15:10:30+00:00\",\"description\":\"Meet the partners and sponsors of Entente Cordiale Day 2025, supporting the Summit and celebrating UK-France collaboration.\",\"breadcrumb\":{\"@id\":\"https:\\\/\\\/ententecordialeday.org\\\/sponsors\\\/sponsors-2025-2026\\\/#breadcrumb\"},\"inLanguage\":\"fr-FR\",\"potentialAction\":[{\"@type\":\"ReadAction\",\"target\":[\"https:\\\/\\\/ententecordialeday.org\\\/sponsors\\\/sponsors-2025-2026\\\/\"]}]},{\"@type\":\"ImageObject\",\"inLanguage\":\"fr-FR\",\"@id\":\"https:\\\/\\\/ententecordialeday.org\\\/sponsors\\\/sponsors-2025-2026\\\/#primaryimage\",\"url\":\"https:\\\/\\\/ententecordialeday.org\\\/wp-content\\\/uploads\\\/2025\\\/09\\\/2.png\",\"contentUrl\":\"https:\\\/\\\/ententecordialeday.org\\\/wp-content\\\/uploads\\\/2025\\\/09\\\/2.png\"},{\"@type\":\"BreadcrumbList\",\"@id\":\"https:\\\/\\\/ententecordialeday.org\\\/sponsors\\\/sponsors-2025-2026\\\/#breadcrumb\",\"itemListElement\":[{\"@type\":\"ListItem\",\"position\":1,\"name\":\"Home\",\"item\":\"https:\\\/\\\/ententecordialeday.org\\\/\"},{\"@type\":\"ListItem\",\"position\":2,\"name\":\"Sponsors\",\"item\":\"https:\\\/\\\/ententecordialeday.org\\\/sponsors\\\/\"},{\"@type\":\"ListItem\",\"position\":3,\"name\":\"Sponsors 2025-2026\"}]},{\"@type\":\"WebSite\",\"@id\":\"https:\\\/\\\/ententecordialeday.org\\\/#website\",\"url\":\"https:\\\/\\\/ententecordialeday.org\\\/\",\"name\":\"Entente Cordiale Day University Challenge\",\"description\":\"\",\"publisher\":{\"@id\":\"https:\\\/\\\/ententecordialeday.org\\\/#organization\"},\"potentialAction\":[{\"@type\":\"SearchAction\",\"target\":{\"@type\":\"EntryPoint\",\"urlTemplate\":\"https:\\\/\\\/ententecordialeday.org\\\/?s={search_term_string}\"},\"query-input\":{\"@type\":\"PropertyValueSpecification\",\"valueRequired\":true,\"valueName\":\"search_term_string\"}}],\"inLanguage\":\"fr-FR\"},{\"@type\":\"Organization\",\"@id\":\"https:\\\/\\\/ententecordialeday.org\\\/#organization\",\"name\":\"Entente Cordiale Day University Challenge\",\"url\":\"https:\\\/\\\/ententecordialeday.org\\\/\",\"logo\":{\"@type\":\"ImageObject\",\"inLanguage\":\"fr-FR\",\"@id\":\"https:\\\/\\\/ententecordialeday.org\\\/#\\\/schema\\\/logo\\\/image\\\/\",\"url\":\"https:\\\/\\\/ententecordialeday.org\\\/wp-content\\\/uploads\\\/2025\\\/09\\\/logoEDC.png\",\"contentUrl\":\"https:\\\/\\\/ententecordialeday.org\\\/wp-content\\\/uploads\\\/2025\\\/09\\\/logoEDC.png\",\"width\":1000,\"height\":1000,\"caption\":\"Entente Cordiale Day University Challenge\"},\"image\":{\"@id\":\"https:\\\/\\\/ententecordialeday.org\\\/#\\\/schema\\\/logo\\\/image\\\/\"},\"sameAs\":[\"https:\\\/\\\/www.linkedin.com\\\/company\\\/entente-cordiale-day-challeng\",\"https:\\\/\\\/www.instagram.com\\\/ententecordialechallenge\"]}]}<\/script>\n<!-- \/ Yoast SEO plugin. -->","yoast_head_json":{"title":"Entente Cordiale Day \u2013 Partners & Sponsors","description":"Meet the partners and sponsors of Entente Cordiale Day 2025, supporting the Summit and celebrating UK-France collaboration.","robots":{"index":"index","follow":"follow","max-snippet":"max-snippet:-1","max-image-preview":"max-image-preview:large","max-video-preview":"max-video-preview:-1"},"canonical":"https:\/\/ententecordialeday.org\/fr\/sponsors\/sponsors-2025-2026\/","og_locale":"fr_FR","og_type":"article","og_title":"Entente Cordiale Day \u2013 Partners & Sponsors","og_description":"Meet the partners and sponsors of Entente Cordiale Day 2025, supporting the Summit and celebrating UK-France collaboration.","og_url":"https:\/\/ententecordialeday.org\/fr\/sponsors\/sponsors-2025-2026\/","og_site_name":"Entente Cordiale Day University Challenge","article_modified_time":"2026-04-17T15:10:30+00:00","og_image":[{"url":"https:\/\/ententecordialeday.org\/wp-content\/uploads\/2025\/09\/2.png","type":"","width":"","height":""}],"twitter_card":"summary_large_image","twitter_misc":{"Dur\u00e9e de lecture estim\u00e9e":"6 minutes"},"schema":{"@context":"https:\/\/schema.org","@graph":[{"@type":"WebPage","@id":"https:\/\/ententecordialeday.org\/sponsors\/sponsors-2025-2026\/","url":"https:\/\/ententecordialeday.org\/sponsors\/sponsors-2025-2026\/","name":"Entente Cordiale Day \u2013 Partners & Sponsors","isPartOf":{"@id":"https:\/\/ententecordialeday.org\/#website"},"primaryImageOfPage":{"@id":"https:\/\/ententecordialeday.org\/sponsors\/sponsors-2025-2026\/#primaryimage"},"image":{"@id":"https:\/\/ententecordialeday.org\/sponsors\/sponsors-2025-2026\/#primaryimage"},"thumbnailUrl":"https:\/\/ententecordialeday.org\/wp-content\/uploads\/2025\/09\/2.png","datePublished":"2026-04-17T14:28:03+00:00","dateModified":"2026-04-17T15:10:30+00:00","description":"Meet the partners and sponsors of Entente Cordiale Day 2025, supporting the Summit and celebrating UK-France collaboration.","breadcrumb":{"@id":"https:\/\/ententecordialeday.org\/sponsors\/sponsors-2025-2026\/#breadcrumb"},"inLanguage":"fr-FR","potentialAction":[{"@type":"ReadAction","target":["https:\/\/ententecordialeday.org\/sponsors\/sponsors-2025-2026\/"]}]},{"@type":"ImageObject","inLanguage":"fr-FR","@id":"https:\/\/ententecordialeday.org\/sponsors\/sponsors-2025-2026\/#primaryimage","url":"https:\/\/ententecordialeday.org\/wp-content\/uploads\/2025\/09\/2.png","contentUrl":"https:\/\/ententecordialeday.org\/wp-content\/uploads\/2025\/09\/2.png"},{"@type":"BreadcrumbList","@id":"https:\/\/ententecordialeday.org\/sponsors\/sponsors-2025-2026\/#breadcrumb","itemListElement":[{"@type":"ListItem","position":1,"name":"Home","item":"https:\/\/ententecordialeday.org\/"},{"@type":"ListItem","position":2,"name":"Sponsors","item":"https:\/\/ententecordialeday.org\/sponsors\/"},{"@type":"ListItem","position":3,"name":"Sponsors 2025-2026"}]},{"@type":"WebSite","@id":"https:\/\/ententecordialeday.org\/#website","url":"https:\/\/ententecordialeday.org\/","name":"Journ\u00e9e de l'Entente Cordiale D\u00e9fi universitaire","description":"","publisher":{"@id":"https:\/\/ententecordialeday.org\/#organization"},"potentialAction":[{"@type":"SearchAction","target":{"@type":"EntryPoint","urlTemplate":"https:\/\/ententecordialeday.org\/?s={search_term_string}"},"query-input":{"@type":"PropertyValueSpecification","valueRequired":true,"valueName":"search_term_string"}}],"inLanguage":"fr-FR"},{"@type":"Organization","@id":"https:\/\/ententecordialeday.org\/#organization","name":"Journ\u00e9e de l'Entente Cordiale D\u00e9fi universitaire","url":"https:\/\/ententecordialeday.org\/","logo":{"@type":"ImageObject","inLanguage":"fr-FR","@id":"https:\/\/ententecordialeday.org\/#\/schema\/logo\/image\/","url":"https:\/\/ententecordialeday.org\/wp-content\/uploads\/2025\/09\/logoEDC.png","contentUrl":"https:\/\/ententecordialeday.org\/wp-content\/uploads\/2025\/09\/logoEDC.png","width":1000,"height":1000,"caption":"Entente Cordiale Day University Challenge"},"image":{"@id":"https:\/\/ententecordialeday.org\/#\/schema\/logo\/image\/"},"sameAs":["https:\/\/www.linkedin.com\/company\/entente-cordiale-day-challeng","https:\/\/www.instagram.com\/ententecordialechallenge"]}]}},"_links":{"self":[{"href":"https:\/\/ententecordialeday.org\/fr\/wp-json\/wp\/v2\/pages\/3464","targetHints":{"allow":["GET"]}}],"collection":[{"href":"https:\/\/ententecordialeday.org\/fr\/wp-json\/wp\/v2\/pages"}],"about":[{"href":"https:\/\/ententecordialeday.org\/fr\/wp-json\/wp\/v2\/types\/page"}],"author":[{"embeddable":true,"href":"https:\/\/ententecordialeday.org\/fr\/wp-json\/wp\/v2\/users\/2"}],"replies":[{"embeddable":true,"href":"https:\/\/ententecordialeday.org\/fr\/wp-json\/wp\/v2\/comments?post=3464"}],"version-history":[{"count":17,"href":"https:\/\/ententecordialeday.org\/fr\/wp-json\/wp\/v2\/pages\/3464\/revisions"}],"predecessor-version":[{"id":3505,"href":"https:\/\/ententecordialeday.org\/fr\/wp-json\/wp\/v2\/pages\/3464\/revisions\/3505"}],"up":[{"embeddable":true,"href":"https:\/\/ententecordialeday.org\/fr\/wp-json\/wp\/v2\/pages\/1610"}],"wp:attachment":[{"href":"https:\/\/ententecordialeday.org\/fr\/wp-json\/wp\/v2\/media?parent=3464"}],"curies":[{"name":"wp","href":"https:\/\/api.w.org\/{rel}","templated":true}]}}