{"id":3434,"date":"2026-04-15T21:43:28","date_gmt":"2026-04-15T21:43:28","guid":{"rendered":"https:\/\/ententecordialeday.org\/?page_id=3434"},"modified":"2026-04-15T22:07:53","modified_gmt":"2026-04-15T22:07:53","slug":"2026-summit-brochure","status":"publish","type":"page","link":"https:\/\/ententecordialeday.org\/fr\/university-challenge-2025-2026__trashed\/2026-summit-brochure\/","title":{"rendered":"Brochure du Sommet 2026"},"content":{"rendered":"<div data-elementor-type=\"wp-page\" data-elementor-id=\"3434\" class=\"elementor elementor-3434\" data-elementor-post-type=\"page\">\n\t\t\t\t<div class=\"elementor-element elementor-element-00f67e8 e-flex e-con-boxed e-con e-parent\" data-id=\"00f67e8\" data-element_type=\"container\" data-e-type=\"container\">\n\t\t\t\t\t<div class=\"e-con-inner\">\n\t\t\t\t<div class=\"elementor-element elementor-element-ad8a057 elementor-widget elementor-widget-html\" data-id=\"ad8a057\" data-element_type=\"widget\" data-e-type=\"widget\" data-widget_type=\"html.default\">\n\t\t\t\t\t<style>\n@import url('https:\/\/fonts.googleapis.com\/css2?family=Cormorant+Garamond:ital,wght@0,400;0,500;0,600;1,400;1,500&family=Raleway:wght@300;400;500;600&display=swap');\n.ecd-bro { font-family: 'Raleway', sans-serif; color: #12174b; max-width: 900px; margin: 0 auto; padding: 52px 24px 72px; }\n.ecd-bro .top { text-align: center; margin-bottom: 48px; }\n.ecd-bro .eyebrow { font-size: 10px; font-weight: 600; letter-spacing: 0.22em; text-transform: uppercase; color: #b22234; margin: 0 0 16px; }\n.ecd-bro h2 { font-family: 'Cormorant Garamond', serif; font-size: 2.5rem; font-weight: 600; color: #12174b; margin: 0 0 14px; line-height: 1.2; }\n.ecd-bro .sub { font-family: 'Cormorant Garamond', serif; font-size: 1.1rem; font-style: italic; color: #888; margin: 0 0 28px; }\n.ecd-bro .divider { width: 50px; height: 1px; background: #c0a96e; margin: 0 auto 28px; }\n.ecd-bro .intro { font-size: 14px; font-weight: 300; color: #555; line-height: 1.95; max-width: 640px; margin: 0 auto; }\n.ecd-bro .pdf-wrap { margin: 48px 0 0; border: 1px solid #ddd6c8; position: relative; }\n.ecd-bro .pdf-wrap::before { content: ''; position: absolute; top: 0; left: 0; right: 0; height: 3px; background: linear-gradient(to right, #12174b, #b22234); z-index: 1; }\n.ecd-bro .pdf-toolbar { display: flex; align-items: center; justify-content: space-between; padding: 14px 20px; background: #12174b; flex-wrap: wrap; gap: 8px; }\n.ecd-bro .pdf-label { font-size: 11px; font-weight: 500; letter-spacing: 0.12em; text-transform: uppercase; color: #c0a96e; }\n.ecd-bro .pdf-actions { display: flex; align-items: center; gap: 12px; }\n.ecd-bro .pdf-info { font-size: 11px; color: rgba(255,255,255,0.4); font-weight: 300; letter-spacing: 0.04em; }\n.ecd-bro .dl-btn { display: inline-flex; align-items: center; gap: 7px; background: transparent; border: 1px solid rgba(192,169,110,0.6); color: #c0a96e; font-family: 'Raleway', sans-serif; font-size: 10px; font-weight: 600; letter-spacing: 0.15em; text-transform: uppercase; padding: 8px 18px; text-decoration: none; transition: all 0.2s; cursor: pointer; }\n.ecd-bro .dl-btn:hover { background: #c0a96e; color: #12174b; }\n.ecd-bro .dl-btn svg { width: 12px; height: 12px; fill: currentColor; }\n\n\/* Desktop : iframe visible *\/\n.ecd-bro iframe { display: block; width: 100%; height: 820px; border: none; background: #f4f1eb; }\n\n\/* Mobile : carte de t\u00e9l\u00e9chargement \u00e0 la place de l'iframe *\/\n.ecd-bro .pdf-mobile { display: none; padding: 40px 20px; background: #fdfaf5; text-align: center; }\n.ecd-bro .pdf-mobile p { font-size: 13px; font-weight: 300; color: #888; margin: 0 0 24px; line-height: 1.7; }\n.ecd-bro .dl-btn-mobile { display: inline-flex; align-items: center; gap: 8px; background: #12174b; color: #fff; font-family: 'Raleway', sans-serif; font-size: 11px; font-weight: 600; letter-spacing: 0.15em; text-transform: uppercase; padding: 14px 32px; text-decoration: none; }\n.ecd-bro .dl-btn-mobile svg { width: 14px; height: 14px; fill: currentColor; }\n\n.ecd-bro .footer-note { text-align: center; margin-top: 40px; font-size: 10px; color: #bbb; letter-spacing: 0.12em; text-transform: uppercase; padding-top: 24px; border-top: 1px solid #e8e3d9; }\n\n@media (max-width: 768px) {\n  .ecd-bro { padding: 36px 16px 52px; }\n  .ecd-bro h2 { font-size: 1.8rem; }\n  .ecd-bro .intro { font-size: 13px; }\n  .ecd-bro iframe { display: none; }\n  .ecd-bro .pdf-mobile { display: block; }\n  .ecd-bro .pdf-info { display: none; }\n}\n<\/style>\n\n<div class=\"ecd-bro\">\n  <div class=\"top\">\n    <p class=\"eyebrow\">Journ\u00e9e de l'Entente Cordiale - Paris, 7-8 avril 2026<\/p>\n    <h2>Brochure du Sommet 2026<\/h2>\n    <p class=\"sub\">Conflits, technologies et s\u00e9curit\u00e9 mondiale<\/p>\n    <div class=\"divider\"><\/div>\n    <p class=\"intro\">La brochure officielle du Sommet de la Journ\u00e9e de l'Entente Cordiale 2026, qui s'est tenu \u00e0 Paris les 7 et 8 avril. Cette \u00e9dition a rassembl\u00e9 les 60 meilleurs finalistes, s\u00e9lectionn\u00e9s parmi plus de 700 \u00e9tudiants de grandes universit\u00e9s fran\u00e7aises et britanniques, qui se sont pr\u00e9sent\u00e9s devant un grand jury international copr\u00e9sid\u00e9 par deux laur\u00e9ats du prix Nobel de la paix \u00e0 l'Universit\u00e9 Paris Panth\u00e9on-Sorbonne.<\/p>\n  <\/div>\n\n  <div class=\"pdf-wrap\">\n    <div class=\"pdf-toolbar\">\n      <span class=\"pdf-label\">Brochure officielle - \u00c9dition anglaise<\/span>\n      <div class=\"pdf-actions\">\n        <span class=\"pdf-info\">80 pages - PDF<\/span>\n        <a class=\"dl-btn\" href=\"https:\/\/ententecordialeday.org\/wp-content\/uploads\/2026\/04\/Brochure_Final_3.pdf\" download target=\"_blank\">\n          <svg viewbox=\"0 0 24 24\" xmlns=\"http:\/\/www.w3.org\/2000\/svg\"><path d=\"M12 16l-5-5h3V4h4v7h3l-5 5zm-7 2h14v2H5v-2z\"\/><\/svg>\n          T\u00e9l\u00e9charger\n        <\/a>\n      <\/div>\n    <\/div>\n\n    <iframe src=\"https:\/\/ententecordialeday.org\/wp-content\/uploads\/2026\/04\/Brochure_Final_3.pdf\" title=\"Sommet de la Journ\u00e9e de l&#039;Entente Cordiale 2026 - Brochure officielle\"><\/iframe>\n\n    <div class=\"pdf-mobile\">\n      <p>Pour une meilleure exp\u00e9rience de lecture, t\u00e9l\u00e9chargez la brochure directement sur votre appareil.<br>80 pages - Edition anglaise<\/p>\n      <a class=\"dl-btn-mobile\" href=\"https:\/\/ententecordialeday.org\/wp-content\/uploads\/2026\/04\/Brochure_Final_3.pdf\" target=\"_blank\">\n        <svg viewbox=\"0 0 24 24\" xmlns=\"http:\/\/www.w3.org\/2000\/svg\"><path d=\"M12 16l-5-5h3V4h4v7h3l-5 5zm-7 2h14v2H5v-2z\"\/><\/svg>\n        T\u00e9l\u00e9charger la brochure\n      <\/a>\n    <\/div>\n  <\/div>\n\n  <div class=\"footer-note\">\n    Sous le patronage de S.M. le Roi Charles III et du Pr\u00e9sident Macron\n<\/div>\t\t\t\t<\/div>\n\t\t\t\t\t<\/div>\n\t\t\t\t<\/div>\n\t\t\t\t<\/div>","protected":false},"excerpt":{"rendered":"<p>Entente Cordiale Day \u00b7 Paris, April 7-8, 2026 The 2026 Summit Brochure Conflicts, Technologies and World Security The official brochure of the 2026 Entente Cordiale Day Summit, held in Paris on 7 and 8 April. This edition brought together the top 60 finalists, selected from over 700 students across leading French and British universities, to [&hellip;]<\/p>\n","protected":false},"author":2,"featured_media":0,"parent":2618,"menu_order":0,"comment_status":"closed","ping_status":"closed","template":"elementor_header_footer","meta":{"_acf_changed":false,"footnotes":""},"class_list":["post-3434","page","type-page","status-publish","hentry"],"acf":[],"yoast_head":"<!-- This site is optimized with the Yoast SEO plugin v27.4 - https:\/\/yoast.com\/product\/yoast-seo-wordpress\/ -->\n<title>2026 Summit Brochure - Entente Cordiale Day University Challenge<\/title>\n<meta name=\"robots\" content=\"index, follow, max-snippet:-1, max-image-preview:large, max-video-preview:-1\" \/>\n<link rel=\"canonical\" href=\"https:\/\/ententecordialeday.org\/fr\/university-challenge-2025-2026__trashed\/2026-summit-brochure\/\" \/>\n<meta property=\"og:locale\" content=\"fr_FR\" \/>\n<meta property=\"og:type\" content=\"article\" \/>\n<meta property=\"og:title\" content=\"2026 Summit Brochure - Entente Cordiale Day University Challenge\" \/>\n<meta property=\"og:description\" content=\"Entente Cordiale Day \u00b7 Paris, April 7-8, 2026 The 2026 Summit Brochure Conflicts, Technologies and World Security The official brochure of the 2026 Entente Cordiale Day Summit, held in Paris on 7 and 8 April. This edition brought together the top 60 finalists, selected from over 700 students across leading French and British universities, to [&hellip;]\" \/>\n<meta property=\"og:url\" content=\"https:\/\/ententecordialeday.org\/fr\/university-challenge-2025-2026__trashed\/2026-summit-brochure\/\" \/>\n<meta property=\"og:site_name\" content=\"Entente Cordiale Day University Challenge\" \/>\n<meta property=\"article:modified_time\" content=\"2026-04-15T22:07:53+00:00\" \/>\n<meta name=\"twitter:card\" content=\"summary_large_image\" \/>\n<meta name=\"twitter:label1\" content=\"Dur\u00e9e de lecture estim\u00e9e\" \/>\n\t<meta name=\"twitter:data1\" content=\"3 minutes\" \/>\n<script type=\"application\/ld+json\" class=\"yoast-schema-graph\">{\"@context\":\"https:\\\/\\\/schema.org\",\"@graph\":[{\"@type\":\"WebPage\",\"@id\":\"https:\\\/\\\/ententecordialeday.org\\\/university-challenge-2025-2026__trashed\\\/2026-summit-brochure\\\/\",\"url\":\"https:\\\/\\\/ententecordialeday.org\\\/university-challenge-2025-2026__trashed\\\/2026-summit-brochure\\\/\",\"name\":\"2026 Summit Brochure - Entente Cordiale Day University Challenge\",\"isPartOf\":{\"@id\":\"https:\\\/\\\/ententecordialeday.org\\\/#website\"},\"datePublished\":\"2026-04-15T21:43:28+00:00\",\"dateModified\":\"2026-04-15T22:07:53+00:00\",\"breadcrumb\":{\"@id\":\"https:\\\/\\\/ententecordialeday.org\\\/university-challenge-2025-2026__trashed\\\/2026-summit-brochure\\\/#breadcrumb\"},\"inLanguage\":\"fr-FR\",\"potentialAction\":[{\"@type\":\"ReadAction\",\"target\":[\"https:\\\/\\\/ententecordialeday.org\\\/university-challenge-2025-2026__trashed\\\/2026-summit-brochure\\\/\"]}]},{\"@type\":\"BreadcrumbList\",\"@id\":\"https:\\\/\\\/ententecordialeday.org\\\/university-challenge-2025-2026__trashed\\\/2026-summit-brochure\\\/#breadcrumb\",\"itemListElement\":[{\"@type\":\"ListItem\",\"position\":1,\"name\":\"Home\",\"item\":\"https:\\\/\\\/ententecordialeday.org\\\/\"},{\"@type\":\"ListItem\",\"position\":2,\"name\":\"University Challenge 2025\\\/2026\",\"item\":\"https:\\\/\\\/ententecordialeday.org\\\/?page_id=2618\"},{\"@type\":\"ListItem\",\"position\":3,\"name\":\"2026 Summit Brochure\"}]},{\"@type\":\"WebSite\",\"@id\":\"https:\\\/\\\/ententecordialeday.org\\\/#website\",\"url\":\"https:\\\/\\\/ententecordialeday.org\\\/\",\"name\":\"Entente Cordiale Day University Challenge\",\"description\":\"\",\"publisher\":{\"@id\":\"https:\\\/\\\/ententecordialeday.org\\\/#organization\"},\"potentialAction\":[{\"@type\":\"SearchAction\",\"target\":{\"@type\":\"EntryPoint\",\"urlTemplate\":\"https:\\\/\\\/ententecordialeday.org\\\/?s={search_term_string}\"},\"query-input\":{\"@type\":\"PropertyValueSpecification\",\"valueRequired\":true,\"valueName\":\"search_term_string\"}}],\"inLanguage\":\"fr-FR\"},{\"@type\":\"Organization\",\"@id\":\"https:\\\/\\\/ententecordialeday.org\\\/#organization\",\"name\":\"Entente Cordiale Day University Challenge\",\"url\":\"https:\\\/\\\/ententecordialeday.org\\\/\",\"logo\":{\"@type\":\"ImageObject\",\"inLanguage\":\"fr-FR\",\"@id\":\"https:\\\/\\\/ententecordialeday.org\\\/#\\\/schema\\\/logo\\\/image\\\/\",\"url\":\"https:\\\/\\\/ententecordialeday.org\\\/wp-content\\\/uploads\\\/2025\\\/09\\\/logoEDC.png\",\"contentUrl\":\"https:\\\/\\\/ententecordialeday.org\\\/wp-content\\\/uploads\\\/2025\\\/09\\\/logoEDC.png\",\"width\":1000,\"height\":1000,\"caption\":\"Entente Cordiale Day University Challenge\"},\"image\":{\"@id\":\"https:\\\/\\\/ententecordialeday.org\\\/#\\\/schema\\\/logo\\\/image\\\/\"},\"sameAs\":[\"https:\\\/\\\/www.linkedin.com\\\/company\\\/entente-cordiale-day-challeng\",\"https:\\\/\\\/www.instagram.com\\\/ententecordialechallenge\"]}]}<\/script>\n<!-- \/ Yoast SEO plugin. -->","yoast_head_json":{"title":"2026 Summit Brochure - Entente Cordiale Day University Challenge","robots":{"index":"index","follow":"follow","max-snippet":"max-snippet:-1","max-image-preview":"max-image-preview:large","max-video-preview":"max-video-preview:-1"},"canonical":"https:\/\/ententecordialeday.org\/fr\/university-challenge-2025-2026__trashed\/2026-summit-brochure\/","og_locale":"fr_FR","og_type":"article","og_title":"2026 Summit Brochure - Entente Cordiale Day University Challenge","og_description":"Entente Cordiale Day \u00b7 Paris, April 7-8, 2026 The 2026 Summit Brochure Conflicts, Technologies and World Security The official brochure of the 2026 Entente Cordiale Day Summit, held in Paris on 7 and 8 April. This edition brought together the top 60 finalists, selected from over 700 students across leading French and British universities, to [&hellip;]","og_url":"https:\/\/ententecordialeday.org\/fr\/university-challenge-2025-2026__trashed\/2026-summit-brochure\/","og_site_name":"Entente Cordiale Day University Challenge","article_modified_time":"2026-04-15T22:07:53+00:00","twitter_card":"summary_large_image","twitter_misc":{"Dur\u00e9e de lecture estim\u00e9e":"3 minutes"},"schema":{"@context":"https:\/\/schema.org","@graph":[{"@type":"WebPage","@id":"https:\/\/ententecordialeday.org\/university-challenge-2025-2026__trashed\/2026-summit-brochure\/","url":"https:\/\/ententecordialeday.org\/university-challenge-2025-2026__trashed\/2026-summit-brochure\/","name":"2026 Summit Brochure - Entente Cordiale Day University Challenge","isPartOf":{"@id":"https:\/\/ententecordialeday.org\/#website"},"datePublished":"2026-04-15T21:43:28+00:00","dateModified":"2026-04-15T22:07:53+00:00","breadcrumb":{"@id":"https:\/\/ententecordialeday.org\/university-challenge-2025-2026__trashed\/2026-summit-brochure\/#breadcrumb"},"inLanguage":"fr-FR","potentialAction":[{"@type":"ReadAction","target":["https:\/\/ententecordialeday.org\/university-challenge-2025-2026__trashed\/2026-summit-brochure\/"]}]},{"@type":"BreadcrumbList","@id":"https:\/\/ententecordialeday.org\/university-challenge-2025-2026__trashed\/2026-summit-brochure\/#breadcrumb","itemListElement":[{"@type":"ListItem","position":1,"name":"Home","item":"https:\/\/ententecordialeday.org\/"},{"@type":"ListItem","position":2,"name":"University Challenge 2025\/2026","item":"https:\/\/ententecordialeday.org\/?page_id=2618"},{"@type":"ListItem","position":3,"name":"2026 Summit Brochure"}]},{"@type":"WebSite","@id":"https:\/\/ententecordialeday.org\/#website","url":"https:\/\/ententecordialeday.org\/","name":"Journ\u00e9e de l'Entente Cordiale D\u00e9fi universitaire","description":"","publisher":{"@id":"https:\/\/ententecordialeday.org\/#organization"},"potentialAction":[{"@type":"SearchAction","target":{"@type":"EntryPoint","urlTemplate":"https:\/\/ententecordialeday.org\/?s={search_term_string}"},"query-input":{"@type":"PropertyValueSpecification","valueRequired":true,"valueName":"search_term_string"}}],"inLanguage":"fr-FR"},{"@type":"Organization","@id":"https:\/\/ententecordialeday.org\/#organization","name":"Journ\u00e9e de l'Entente Cordiale D\u00e9fi universitaire","url":"https:\/\/ententecordialeday.org\/","logo":{"@type":"ImageObject","inLanguage":"fr-FR","@id":"https:\/\/ententecordialeday.org\/#\/schema\/logo\/image\/","url":"https:\/\/ententecordialeday.org\/wp-content\/uploads\/2025\/09\/logoEDC.png","contentUrl":"https:\/\/ententecordialeday.org\/wp-content\/uploads\/2025\/09\/logoEDC.png","width":1000,"height":1000,"caption":"Entente Cordiale Day University Challenge"},"image":{"@id":"https:\/\/ententecordialeday.org\/#\/schema\/logo\/image\/"},"sameAs":["https:\/\/www.linkedin.com\/company\/entente-cordiale-day-challeng","https:\/\/www.instagram.com\/ententecordialechallenge"]}]}},"_links":{"self":[{"href":"https:\/\/ententecordialeday.org\/fr\/wp-json\/wp\/v2\/pages\/3434","targetHints":{"allow":["GET"]}}],"collection":[{"href":"https:\/\/ententecordialeday.org\/fr\/wp-json\/wp\/v2\/pages"}],"about":[{"href":"https:\/\/ententecordialeday.org\/fr\/wp-json\/wp\/v2\/types\/page"}],"author":[{"embeddable":true,"href":"https:\/\/ententecordialeday.org\/fr\/wp-json\/wp\/v2\/users\/2"}],"replies":[{"embeddable":true,"href":"https:\/\/ententecordialeday.org\/fr\/wp-json\/wp\/v2\/comments?post=3434"}],"version-history":[{"count":8,"href":"https:\/\/ententecordialeday.org\/fr\/wp-json\/wp\/v2\/pages\/3434\/revisions"}],"predecessor-version":[{"id":3445,"href":"https:\/\/ententecordialeday.org\/fr\/wp-json\/wp\/v2\/pages\/3434\/revisions\/3445"}],"up":[{"embeddable":true,"href":"https:\/\/ententecordialeday.org\/fr\/wp-json\/wp\/v2\/pages\/2618"}],"wp:attachment":[{"href":"https:\/\/ententecordialeday.org\/fr\/wp-json\/wp\/v2\/media?parent=3434"}],"curies":[{"name":"wp","href":"https:\/\/api.w.org\/{rel}","templated":true}]}}