{"id":1089,"date":"2025-10-02T13:38:34","date_gmt":"2025-10-02T13:38:34","guid":{"rendered":"https:\/\/ententecordialeday.org\/?page_id=1089"},"modified":"2025-10-03T09:23:24","modified_gmt":"2025-10-03T09:23:24","slug":"legal","status":"publish","type":"page","link":"https:\/\/ententecordialeday.org\/fr\/legal\/","title":{"rendered":"Juridique"},"content":{"rendered":"<div data-elementor-type=\"wp-page\" data-elementor-id=\"1089\" class=\"elementor elementor-1089\" data-elementor-post-type=\"page\">\n\t\t\t\t<div class=\"elementor-element elementor-element-c3b2dd9 e-con-full e-flex e-con e-parent\" data-id=\"c3b2dd9\" data-element_type=\"container\" data-e-type=\"container\" data-settings=\"{&quot;background_background&quot;:&quot;classic&quot;}\">\n\t\t\t\t<div class=\"elementor-element elementor-element-bd11c3d elementor-widget elementor-widget-heading\" data-id=\"bd11c3d\" data-element_type=\"widget\" data-e-type=\"widget\" data-widget_type=\"heading.default\">\n\t\t\t\t\t<h2 class=\"elementor-heading-title elementor-size-default\">Mentions l\u00e9gales<\/h2>\t\t\t\t<\/div>\n\t\t\t\t<\/div>\n\t\t<div class=\"elementor-element elementor-element-1fc9c03 e-flex e-con-boxed e-con e-parent\" data-id=\"1fc9c03\" data-element_type=\"container\" data-e-type=\"container\">\n\t\t\t\t\t<div class=\"e-con-inner\">\n\t\t\t\t<div class=\"elementor-element elementor-element-d5f2490 elementor-widget elementor-widget-text-editor\" data-id=\"d5f2490\" data-element_type=\"widget\" data-e-type=\"widget\" data-widget_type=\"text-editor.default\">\n\t\t\t\t\t\t\t\t\t<p>Conform\u00e9ment aux dispositions de la loi n\u00b02004-575 du 21 juin 2004 pour la Confiance en l'\u00e9conomie num\u00e9rique, il est port\u00e9 \u00e0 la connaissance des utilisateurs et visiteurs du site https:\/\/ententecordialeday.org\/ les pr\u00e9sentes mentions l\u00e9gales. La connexion et la navigation sur le site impliquent l'acceptation int\u00e9grale et sans r\u00e9serve de ces mentions l\u00e9gales.<\/p><p><strong>Propri\u00e9taire du site<\/strong><\/p><p>Le site https:\/\/ententecordialeday.org\/ est la propri\u00e9t\u00e9 de l'association Entente Cordiale Day \/ Journ\u00e9e de l'Entente Cordiale, dont les informations sont les suivantes :<\/p><p>- Nom de l'association : Entente Cordiale Day \/ Journ\u00e9e de l'Entente Cordiale<\/p><p>- Adresse postale : Apt 23, 9 Avenue de Paris, 92320 Ch\u00e2tillon, France<\/p><p>- Code NAF\/APE : 82.30Z<\/p><p>- Num\u00e9ro SIRET : 924 688 989 00010<\/p><p>\u00a0<\/p><p><strong>H\u00e9bergeur du site<\/strong><\/p><p>Le site est h\u00e9berg\u00e9 par O2switch dont les informations sont les suivantes :<\/p><p>- Si\u00e8ge social : CHEMIN DES PARDIAUX 63000 CLERMONT FERRAND<\/p><p>- Site web : https:\/\/www.o2switch.fr\/<\/p><p>\u00a0<\/p><p><strong>Propri\u00e9t\u00e9 intellectuelle<\/strong><\/p><p>Tous les \u00e9l\u00e9ments pr\u00e9sents sur le site, y compris les textes, images, logos et vid\u00e9os, sont prot\u00e9g\u00e9s par les lois en vigueur sur la propri\u00e9t\u00e9 intellectuelle et restent la propri\u00e9t\u00e9 exclusive de l'association, sauf mention contraire explicite. Toute reproduction, repr\u00e9sentation, modification, publication, adaptation de tout ou partie des \u00e9l\u00e9ments du site, quel que soit le moyen ou le proc\u00e9d\u00e9 utilis\u00e9, est interdite, sauf autorisation \u00e9crite pr\u00e9alable de l'association.<\/p><p>\u00a0<\/p><p><strong>Collecte et utilisation des donn\u00e9es<\/strong><\/p><p>Le site peut collecter des donn\u00e9es personnelles via des formulaires de contact, des inscriptions \u00e0 des newsletters ou d'autres moyens. Ces donn\u00e9es sont utilis\u00e9es uniquement dans le cadre indiqu\u00e9 lors de leur collecte. Conform\u00e9ment \u00e0 la loi n\u00b078-17 du 6 janvier 1978 relative \u00e0 l'informatique, aux fichiers et aux libert\u00e9s, vous disposez d'un droit d'acc\u00e8s, de rectification et de suppression des donn\u00e9es vous concernant. Pour exercer ce droit, veuillez contacter : info@ententecordialeday.org.<\/p><p>\u00a0<\/p><p><strong>Politique de confidentialit\u00e9 et gestion des cookies<\/strong><\/p><p>Le site utilise des cookies pour am\u00e9liorer l'exp\u00e9rience utilisateur, analyser le trafic et personnaliser le contenu. En naviguant sur le site, l'utilisateur accepte l'utilisation de ces cookies. Vous pouvez configurer votre navigateur pour refuser tout ou partie des cookies. Les donn\u00e9es collect\u00e9es ne sont ni vendues ni c\u00e9d\u00e9es \u00e0 des tiers.<\/p><p>\u00a0<\/p><p><strong>Conditions g\u00e9n\u00e9rales d'utilisation (CGU)<\/strong><\/p><p>L'utilisation du site est soumise au respect des lois et r\u00e8glements en vigueur. L'utilisateur s'engage \u00e0 ne pas utiliser le site \u00e0 des fins illicites ou interdites par les pr\u00e9sentes mentions l\u00e9gales.<\/p><p>- L'utilisateur s'engage \u00e0 fournir des informations exactes lorsqu'il remplit des formulaires sur le site.<\/p><p>- Toute tentative de fraude, intrusion ou perturbation du site pourra entra\u00eener des poursuites judiciaires.<\/p><p>- Le site se r\u00e9serve le droit de suspendre ou restreindre l'acc\u00e8s \u00e0 ses services en cas de non-respect des pr\u00e9sentes conditions.<\/p><p>\u00a0<\/p><p>Pour toute question relative aux mentions l\u00e9gales, veuillez contacter : info@ententecordialeday.org.<\/p>\t\t\t\t\t\t\t\t<\/div>\n\t\t\t\t\t<\/div>\n\t\t\t\t<\/div>\n\t\t\t\t<\/div>","protected":false},"excerpt":{"rendered":"<p>Mentions Legales Conform\u00e9ment aux dispositions de la loi n\u00b02004-575 du 21 juin 2004 pour la Confiance en l&#8217;\u00e9conomie num\u00e9rique, il est port\u00e9 \u00e0 la connaissance des utilisateurs et visiteurs du site https:\/\/ententecordialeday.org\/ les pr\u00e9sentes mentions l\u00e9gales. La connexion et la navigation sur le site impliquent l&#8217;acceptation int\u00e9grale et sans r\u00e9serve de ces mentions l\u00e9gales. Propri\u00e9taire [&hellip;]<\/p>\n","protected":false},"author":1,"featured_media":0,"parent":0,"menu_order":0,"comment_status":"closed","ping_status":"closed","template":"elementor_header_footer","meta":{"_acf_changed":false,"footnotes":""},"class_list":["post-1089","page","type-page","status-publish","hentry"],"acf":[],"yoast_head":"<!-- This site is optimized with the Yoast SEO plugin v27.4 - https:\/\/yoast.com\/product\/yoast-seo-wordpress\/ -->\n<title>Legal - Entente Cordiale Day University Challenge<\/title>\n<meta name=\"robots\" content=\"index, follow, max-snippet:-1, max-image-preview:large, max-video-preview:-1\" \/>\n<link rel=\"canonical\" href=\"https:\/\/ententecordialeday.org\/fr\/legal\/\" \/>\n<meta property=\"og:locale\" content=\"fr_FR\" \/>\n<meta property=\"og:type\" content=\"article\" \/>\n<meta property=\"og:title\" content=\"Legal - Entente Cordiale Day University Challenge\" \/>\n<meta property=\"og:description\" content=\"Mentions Legales Conform\u00e9ment aux dispositions de la loi n\u00b02004-575 du 21 juin 2004 pour la Confiance en l&#8217;\u00e9conomie num\u00e9rique, il est port\u00e9 \u00e0 la connaissance des utilisateurs et visiteurs du site https:\/\/ententecordialeday.org\/ les pr\u00e9sentes mentions l\u00e9gales. La connexion et la navigation sur le site impliquent l&#8217;acceptation int\u00e9grale et sans r\u00e9serve de ces mentions l\u00e9gales. Propri\u00e9taire [&hellip;]\" \/>\n<meta property=\"og:url\" content=\"https:\/\/ententecordialeday.org\/fr\/legal\/\" \/>\n<meta property=\"og:site_name\" content=\"Entente Cordiale Day University Challenge\" \/>\n<meta property=\"article:modified_time\" content=\"2025-10-03T09:23:24+00:00\" \/>\n<meta name=\"twitter:card\" content=\"summary_large_image\" \/>\n<meta name=\"twitter:label1\" content=\"Dur\u00e9e de lecture estim\u00e9e\" \/>\n\t<meta name=\"twitter:data1\" content=\"2 minutes\" \/>\n<script type=\"application\/ld+json\" class=\"yoast-schema-graph\">{\"@context\":\"https:\\\/\\\/schema.org\",\"@graph\":[{\"@type\":\"WebPage\",\"@id\":\"https:\\\/\\\/ententecordialeday.org\\\/legal\\\/\",\"url\":\"https:\\\/\\\/ententecordialeday.org\\\/legal\\\/\",\"name\":\"Legal - Entente Cordiale Day University Challenge\",\"isPartOf\":{\"@id\":\"https:\\\/\\\/ententecordialeday.org\\\/#website\"},\"datePublished\":\"2025-10-02T13:38:34+00:00\",\"dateModified\":\"2025-10-03T09:23:24+00:00\",\"breadcrumb\":{\"@id\":\"https:\\\/\\\/ententecordialeday.org\\\/legal\\\/#breadcrumb\"},\"inLanguage\":\"fr-FR\",\"potentialAction\":[{\"@type\":\"ReadAction\",\"target\":[\"https:\\\/\\\/ententecordialeday.org\\\/legal\\\/\"]}]},{\"@type\":\"BreadcrumbList\",\"@id\":\"https:\\\/\\\/ententecordialeday.org\\\/legal\\\/#breadcrumb\",\"itemListElement\":[{\"@type\":\"ListItem\",\"position\":1,\"name\":\"Home\",\"item\":\"https:\\\/\\\/ententecordialeday.org\\\/\"},{\"@type\":\"ListItem\",\"position\":2,\"name\":\"Legal\"}]},{\"@type\":\"WebSite\",\"@id\":\"https:\\\/\\\/ententecordialeday.org\\\/#website\",\"url\":\"https:\\\/\\\/ententecordialeday.org\\\/\",\"name\":\"Entente Cordiale Day University Challenge\",\"description\":\"\",\"publisher\":{\"@id\":\"https:\\\/\\\/ententecordialeday.org\\\/#organization\"},\"potentialAction\":[{\"@type\":\"SearchAction\",\"target\":{\"@type\":\"EntryPoint\",\"urlTemplate\":\"https:\\\/\\\/ententecordialeday.org\\\/?s={search_term_string}\"},\"query-input\":{\"@type\":\"PropertyValueSpecification\",\"valueRequired\":true,\"valueName\":\"search_term_string\"}}],\"inLanguage\":\"fr-FR\"},{\"@type\":\"Organization\",\"@id\":\"https:\\\/\\\/ententecordialeday.org\\\/#organization\",\"name\":\"Entente Cordiale Day University Challenge\",\"url\":\"https:\\\/\\\/ententecordialeday.org\\\/\",\"logo\":{\"@type\":\"ImageObject\",\"inLanguage\":\"fr-FR\",\"@id\":\"https:\\\/\\\/ententecordialeday.org\\\/#\\\/schema\\\/logo\\\/image\\\/\",\"url\":\"https:\\\/\\\/ententecordialeday.org\\\/wp-content\\\/uploads\\\/2025\\\/09\\\/logoEDC.png\",\"contentUrl\":\"https:\\\/\\\/ententecordialeday.org\\\/wp-content\\\/uploads\\\/2025\\\/09\\\/logoEDC.png\",\"width\":1000,\"height\":1000,\"caption\":\"Entente Cordiale Day University Challenge\"},\"image\":{\"@id\":\"https:\\\/\\\/ententecordialeday.org\\\/#\\\/schema\\\/logo\\\/image\\\/\"},\"sameAs\":[\"https:\\\/\\\/www.linkedin.com\\\/company\\\/entente-cordiale-day-challeng\",\"https:\\\/\\\/www.instagram.com\\\/ententecordialechallenge\"]}]}<\/script>\n<!-- \/ Yoast SEO plugin. -->","yoast_head_json":{"title":"Legal - Entente Cordiale Day University Challenge","robots":{"index":"index","follow":"follow","max-snippet":"max-snippet:-1","max-image-preview":"max-image-preview:large","max-video-preview":"max-video-preview:-1"},"canonical":"https:\/\/ententecordialeday.org\/fr\/legal\/","og_locale":"fr_FR","og_type":"article","og_title":"Legal - Entente Cordiale Day University Challenge","og_description":"Mentions Legales Conform\u00e9ment aux dispositions de la loi n\u00b02004-575 du 21 juin 2004 pour la Confiance en l&#8217;\u00e9conomie num\u00e9rique, il est port\u00e9 \u00e0 la connaissance des utilisateurs et visiteurs du site https:\/\/ententecordialeday.org\/ les pr\u00e9sentes mentions l\u00e9gales. La connexion et la navigation sur le site impliquent l&#8217;acceptation int\u00e9grale et sans r\u00e9serve de ces mentions l\u00e9gales. Propri\u00e9taire [&hellip;]","og_url":"https:\/\/ententecordialeday.org\/fr\/legal\/","og_site_name":"Entente Cordiale Day University Challenge","article_modified_time":"2025-10-03T09:23:24+00:00","twitter_card":"summary_large_image","twitter_misc":{"Dur\u00e9e de lecture estim\u00e9e":"2 minutes"},"schema":{"@context":"https:\/\/schema.org","@graph":[{"@type":"WebPage","@id":"https:\/\/ententecordialeday.org\/legal\/","url":"https:\/\/ententecordialeday.org\/legal\/","name":"Legal - Entente Cordiale Day University Challenge","isPartOf":{"@id":"https:\/\/ententecordialeday.org\/#website"},"datePublished":"2025-10-02T13:38:34+00:00","dateModified":"2025-10-03T09:23:24+00:00","breadcrumb":{"@id":"https:\/\/ententecordialeday.org\/legal\/#breadcrumb"},"inLanguage":"fr-FR","potentialAction":[{"@type":"ReadAction","target":["https:\/\/ententecordialeday.org\/legal\/"]}]},{"@type":"BreadcrumbList","@id":"https:\/\/ententecordialeday.org\/legal\/#breadcrumb","itemListElement":[{"@type":"ListItem","position":1,"name":"Home","item":"https:\/\/ententecordialeday.org\/"},{"@type":"ListItem","position":2,"name":"Legal"}]},{"@type":"WebSite","@id":"https:\/\/ententecordialeday.org\/#website","url":"https:\/\/ententecordialeday.org\/","name":"Journ\u00e9e de l'Entente Cordiale D\u00e9fi universitaire","description":"","publisher":{"@id":"https:\/\/ententecordialeday.org\/#organization"},"potentialAction":[{"@type":"SearchAction","target":{"@type":"EntryPoint","urlTemplate":"https:\/\/ententecordialeday.org\/?s={search_term_string}"},"query-input":{"@type":"PropertyValueSpecification","valueRequired":true,"valueName":"search_term_string"}}],"inLanguage":"fr-FR"},{"@type":"Organization","@id":"https:\/\/ententecordialeday.org\/#organization","name":"Journ\u00e9e de l'Entente Cordiale D\u00e9fi universitaire","url":"https:\/\/ententecordialeday.org\/","logo":{"@type":"ImageObject","inLanguage":"fr-FR","@id":"https:\/\/ententecordialeday.org\/#\/schema\/logo\/image\/","url":"https:\/\/ententecordialeday.org\/wp-content\/uploads\/2025\/09\/logoEDC.png","contentUrl":"https:\/\/ententecordialeday.org\/wp-content\/uploads\/2025\/09\/logoEDC.png","width":1000,"height":1000,"caption":"Entente Cordiale Day University Challenge"},"image":{"@id":"https:\/\/ententecordialeday.org\/#\/schema\/logo\/image\/"},"sameAs":["https:\/\/www.linkedin.com\/company\/entente-cordiale-day-challeng","https:\/\/www.instagram.com\/ententecordialechallenge"]}]}},"_links":{"self":[{"href":"https:\/\/ententecordialeday.org\/fr\/wp-json\/wp\/v2\/pages\/1089","targetHints":{"allow":["GET"]}}],"collection":[{"href":"https:\/\/ententecordialeday.org\/fr\/wp-json\/wp\/v2\/pages"}],"about":[{"href":"https:\/\/ententecordialeday.org\/fr\/wp-json\/wp\/v2\/types\/page"}],"author":[{"embeddable":true,"href":"https:\/\/ententecordialeday.org\/fr\/wp-json\/wp\/v2\/users\/1"}],"replies":[{"embeddable":true,"href":"https:\/\/ententecordialeday.org\/fr\/wp-json\/wp\/v2\/comments?post=1089"}],"version-history":[{"count":7,"href":"https:\/\/ententecordialeday.org\/fr\/wp-json\/wp\/v2\/pages\/1089\/revisions"}],"predecessor-version":[{"id":1613,"href":"https:\/\/ententecordialeday.org\/fr\/wp-json\/wp\/v2\/pages\/1089\/revisions\/1613"}],"wp:attachment":[{"href":"https:\/\/ententecordialeday.org\/fr\/wp-json\/wp\/v2\/media?parent=1089"}],"curies":[{"name":"wp","href":"https:\/\/api.w.org\/{rel}","templated":true}]}}